{"id":96,"date":"2024-10-05T19:23:24","date_gmt":"2024-10-05T17:23:24","guid":{"rendered":"https:\/\/bornonpluto.com\/?page_id=96"},"modified":"2025-05-14T21:12:05","modified_gmt":"2025-05-14T19:12:05","slug":"servicios","status":"publish","type":"page","link":"https:\/\/bornonpluto.com\/index.php\/servicios\/","title":{"rendered":"Servicios"},"content":{"rendered":"<div class=\"wp-block-columns alignwide are-vertically-aligned-center is-layout-flex wp-container-core-columns-is-layout-2 wp-block-columns-is-layout-flex\"><div class=\"wp-block-column is-vertically-aligned-center is-layout-flow wp-block-column-is-layout-flow\" style=\"flex-basis:50%\"><div class=\"wp-block-cover is-light\" style=\"min-height:600px;aspect-ratio:unset;\"><span aria-hidden=\"true\" class=\"wp-block-cover__background has-background-dim-100 has-background-dim\" style=\"background-color:#f6f6f6\"><\/span><div class=\"wp-block-cover__inner-container is-layout-flow wp-block-cover-is-layout-flow\"><div class=\"wp-block-image\"><figure class=\"aligncenter size-medium\"><img loading=\"lazy\" decoding=\"async\" width=\"300\" height=\"200\" src=\"https:\/\/bornonpluto.com\/wp-content\/uploads\/2024\/10\/sin-titulo-15-300x200.jpg\" alt=\"\" class=\"wp-image-246\" srcset=\"https:\/\/bornonpluto.com\/wp-content\/uploads\/2024\/10\/sin-titulo-15-300x200.jpg 300w, https:\/\/bornonpluto.com\/wp-content\/uploads\/2024\/10\/sin-titulo-15-1024x684.jpg 1024w, https:\/\/bornonpluto.com\/wp-content\/uploads\/2024\/10\/sin-titulo-15-768x513.jpg 768w, https:\/\/bornonpluto.com\/wp-content\/uploads\/2024\/10\/sin-titulo-15-1536x1025.jpg 1536w, https:\/\/bornonpluto.com\/wp-content\/uploads\/2024\/10\/sin-titulo-15-2048x1367.jpg 2048w, https:\/\/bornonpluto.com\/wp-content\/uploads\/2024\/10\/sin-titulo-15-360x240.jpg 360w, https:\/\/bornonpluto.com\/wp-content\/uploads\/2024\/10\/sin-titulo-15-600x401.jpg 600w\" sizes=\"auto, (max-width: 300px) 100vw, 300px\" \/><\/figure><\/div><\/div><\/div><\/div>\n\n<div class=\"wp-block-column is-vertically-aligned-center is-layout-flow wp-block-column-is-layout-flow\" style=\"padding-top:1em;padding-right:1em;padding-bottom:1em;padding-left:1em\"><div class=\"wp-block-columns is-layout-flex wp-container-core-columns-is-layout-1 wp-block-columns-is-layout-flex\"><div class=\"wp-block-column is-layout-flow wp-block-column-is-layout-flow\" style=\"flex-basis:320px\"><p class=\"has-medium-font-size\" style=\"line-height:1.6\"><strong><br><strong>1. Lectura de Transformaci\u00f3n (Astrolog\u00eda Completa)<\/strong><\/strong><\/p>\n\n<p class=\"has-medium-font-size\" style=\"line-height:1.6\"><br>La consulta m\u00e1s completa para quienes est\u00e1n en un <strong>punto de inflexi\u00f3n<\/strong> y buscan claridad sobre lo vivido, c\u00f3mo han llegado hasta aqu\u00ed y hacia d\u00f3nde se dirigen en el pr\u00f3ximo ciclo anual.<\/p>\n\n<p class=\"has-medium-font-size\" style=\"line-height:1.6\">\u00bfSientes que tu vida est\u00e1 en un momento clave y no terminas de ver el camino con claridad? \u00bfO quiz\u00e1s est\u00e1s en plena transformaci\u00f3n y quieres entender c\u00f3mo se conectan los eventos del pasado, presente y futuro?<\/p>\n\n<p class=\"has-small-font-size\" style=\"line-height:1.6\"><\/p><\/div><\/div><\/div><\/div><p>Esta consulta est\u00e1 pensada para quienes desean ver el <strong>panorama completo<\/strong>: un recorrido que abarca los eventos significativos de los \u00faltimos a\u00f1os, c\u00f3mo han moldeado tu presente y qu\u00e9 tendencias se proyectan hacia el pr\u00f3ximo a\u00f1o. Es una mirada profunda e integradora para quienes est\u00e1n en plena transici\u00f3n, sienten que no avanzan o quieren consolidar los avances logrados en un proceso reciente.<\/p><p>Tanto si sientes que est\u00e1s avanzando pero a\u00fan no logras darle sentido a lo vivido, como si te sientes estancado y sin direcci\u00f3n clara, esta consulta te ayudar\u00e1 a <strong>poner cada etapa en perspectiva y darle un sentido integrador.<\/strong><\/p><p><strong>\u00bfQu\u00e9 trabajamos?<\/strong><br>\u2013 Claves esenciales de la Carta Natal: patrones, desaf\u00edos y puntos fuertes que est\u00e1n marcando el presente.<br>\u2013 Tr\u00e1nsitos: los movimientos astrol\u00f3gicos que han estado activando cambios en los \u00faltimos a\u00f1os y c\u00f3mo pueden influir en los pr\u00f3ximos meses.<br>\u2013 Progresiones: una revisi\u00f3n de ciertos momentos clave a lo largo de la vida y c\u00f3mo han dado forma al estado interno actual.<br>\u2013 Revoluci\u00f3n Solar: visi\u00f3n del ciclo anual, integrando lo vivido y lo que est\u00e1 por venir en el pr\u00f3ximo a\u00f1o.<\/p><p><strong>A veces, la sensaci\u00f3n de estancamiento o agotamiento no es m\u00e1s que un reflejo de haberse desconectado de lo que realmente importa. Esta consulta te ayudar\u00e1 a recuperar esa claridad interna y tomar decisiones m\u00e1s alineadas con lo que realmente eres.<\/strong><\/p><p><strong>Incluye:<\/strong> Grabaci\u00f3n completa de la sesi\u00f3n para revisarla y profundizar en los aprendizajes.<br><strong>Formato:<\/strong> Online v\u00eda Zoom.<br><strong>Duraci\u00f3n:<\/strong> 2 horas.<br><strong>Precio:<\/strong> <strong>150 euros<\/strong><\/p><div class=\"wp-block-columns alignwide are-vertically-aligned-center is-layout-flex wp-container-core-columns-is-layout-4 wp-block-columns-is-layout-flex\"><div class=\"wp-block-column is-vertically-aligned-center is-layout-flow wp-block-column-is-layout-flow\" style=\"flex-basis:50%\"><div class=\"wp-block-cover is-light\" style=\"min-height:600px;aspect-ratio:unset;\"><span aria-hidden=\"true\" class=\"wp-block-cover__background has-background-dim-100 has-background-dim\" style=\"background-color:#f6f6f6\"><\/span><div class=\"wp-block-cover__inner-container is-layout-flow wp-block-cover-is-layout-flow\"><div class=\"wp-block-image\"><figure class=\"aligncenter size-medium\"><img loading=\"lazy\" decoding=\"async\" width=\"200\" height=\"300\" src=\"https:\/\/bornonpluto.com\/wp-content\/uploads\/2024\/10\/A3A4425-200x300.jpg\" alt=\"\" class=\"wp-image-247\" srcset=\"https:\/\/bornonpluto.com\/wp-content\/uploads\/2024\/10\/A3A4425-200x300.jpg 200w, https:\/\/bornonpluto.com\/wp-content\/uploads\/2024\/10\/A3A4425-684x1024.jpg 684w, https:\/\/bornonpluto.com\/wp-content\/uploads\/2024\/10\/A3A4425-768x1150.jpg 768w, https:\/\/bornonpluto.com\/wp-content\/uploads\/2024\/10\/A3A4425-1026x1536.jpg 1026w, https:\/\/bornonpluto.com\/wp-content\/uploads\/2024\/10\/A3A4425-1367x2048.jpg 1367w, https:\/\/bornonpluto.com\/wp-content\/uploads\/2024\/10\/A3A4425-600x899.jpg 600w, https:\/\/bornonpluto.com\/wp-content\/uploads\/2024\/10\/A3A4425-scaled.jpg 1709w\" sizes=\"auto, (max-width: 200px) 100vw, 200px\" \/><\/figure><\/div><\/div><\/div><\/div>\n\n<div class=\"wp-block-column is-vertically-aligned-center is-layout-flow wp-block-column-is-layout-flow\" style=\"padding-top:1em;padding-right:1em;padding-bottom:1em;padding-left:1em\"><div class=\"wp-block-columns is-layout-flex wp-container-core-columns-is-layout-3 wp-block-columns-is-layout-flex\"><div class=\"wp-block-column is-layout-flow wp-block-column-is-layout-flow\" style=\"flex-basis:320px\"><p><strong>2. Lectura de Potenciales<\/strong><\/p>\n\n<p>\u00bfSientes que te agotas sin raz\u00f3n o que repites ciertos ciclos? \u00bfO quiz\u00e1s percibes que hay un potencial en ti que a\u00fan no has explorado del todo?<\/p>\n\n<p>Esta consulta te ayudar\u00e1 a ver con mayor claridad <strong>qu\u00e9 \u00e1reas internas necesitan m\u00e1s atenci\u00f3n<\/strong> para que puedas conectar m\u00e1s con tu esencia y aprovechar mejor tu potencial.<\/p><\/div><\/div><\/div><\/div><p class=\"has-medium-font-size\" style=\"line-height:1.6\"><\/p><p><strong>\u00bfQu\u00e9 trabajamos?<\/strong><br>\u2013 La base de esta consulta es la <strong>Carta Natal<\/strong>, donde identificamos puntos fuertes y \u00e1reas que pueden estar limitando el avance.<br>\u2013 Patrones limitantes y su origen: c\u00f3mo est\u00e1n impactando el presente y qu\u00e9 mensajes subyacen detr\u00e1s de ellos.<br>\u2013 Recomendaciones pr\u00e1cticas para integrar lo descubierto en el d\u00eda a d\u00eda, manteniendo el enfoque en el autoconocimiento y la toma de conciencia.<br>\u2013 <strong>Otras herramientas de autoconocimiento<\/strong> pueden ser utilizadas si es necesario, para complementar el trabajo.<\/p><p><strong>Si sientes que hay m\u00e1s en ti de lo que est\u00e1s viviendo ahora, esta consulta es un espacio para identificar qu\u00e9 \u00e1reas est\u00e1n bloqueadas y c\u00f3mo empezar a activar tu verdadero potencial.<\/strong><\/p><p class=\"has-medium-font-size\" style=\"line-height:1.6\"><strong>Incluye:<\/strong> Grabaci\u00f3n completa de la sesi\u00f3n para revisarla y profundizar en los puntos clave.<br><strong>Formato:<\/strong> Online v\u00eda Zoom.<br><strong>Duraci\u00f3n:<\/strong> 1 hora 30 min.<br><strong>Precio:<\/strong> <strong>120 euros<\/strong><\/p><div class=\"wp-block-columns alignwide are-vertically-aligned-center is-layout-flex wp-container-core-columns-is-layout-6 wp-block-columns-is-layout-flex\"><div class=\"wp-block-column is-vertically-aligned-center is-layout-flow wp-block-column-is-layout-flow\" style=\"flex-basis:50%\"><div class=\"wp-block-cover is-light\" style=\"min-height:600px;aspect-ratio:unset;\"><span aria-hidden=\"true\" class=\"wp-block-cover__background has-background-dim-100 has-background-dim\" style=\"background-color:#f6f6f6\"><\/span><div class=\"wp-block-cover__inner-container is-layout-flow wp-block-cover-is-layout-flow\"><div class=\"wp-block-image\"><figure class=\"aligncenter size-medium\"><img loading=\"lazy\" decoding=\"async\" width=\"300\" height=\"200\" src=\"https:\/\/bornonpluto.com\/wp-content\/uploads\/2024\/10\/Marseille-France-117-300x200.jpg\" alt=\"\" class=\"wp-image-249\" srcset=\"https:\/\/bornonpluto.com\/wp-content\/uploads\/2024\/10\/Marseille-France-117-300x200.jpg 300w, https:\/\/bornonpluto.com\/wp-content\/uploads\/2024\/10\/Marseille-France-117-1024x683.jpg 1024w, https:\/\/bornonpluto.com\/wp-content\/uploads\/2024\/10\/Marseille-France-117-768x512.jpg 768w, https:\/\/bornonpluto.com\/wp-content\/uploads\/2024\/10\/Marseille-France-117-1536x1024.jpg 1536w, https:\/\/bornonpluto.com\/wp-content\/uploads\/2024\/10\/Marseille-France-117-2048x1365.jpg 2048w, https:\/\/bornonpluto.com\/wp-content\/uploads\/2024\/10\/Marseille-France-117-360x240.jpg 360w, https:\/\/bornonpluto.com\/wp-content\/uploads\/2024\/10\/Marseille-France-117-600x400.jpg 600w\" sizes=\"auto, (max-width: 300px) 100vw, 300px\" \/><\/figure><\/div><\/div><\/div><\/div>\n\n<div class=\"wp-block-column is-vertically-aligned-center is-layout-flow wp-block-column-is-layout-flow\" style=\"padding-top:1em;padding-right:1em;padding-bottom:1em;padding-left:1em\"><div class=\"wp-block-columns is-layout-flex wp-container-core-columns-is-layout-5 wp-block-columns-is-layout-flex\"><div class=\"wp-block-column is-layout-flow wp-block-column-is-layout-flow\" style=\"flex-basis:320px\"><p class=\"has-medium-font-size\" style=\"line-height:1.6\"><strong>3. Lectura del Momento Actual<\/strong><\/p>\n\n<p class=\"has-medium-font-size\" style=\"line-height:1.6\">\u00bfEst\u00e1s atravesando cambios importantes y sientes que el terreno se mueve bajo tus pies? \u00bfQuieres tomar decisiones m\u00e1s alineadas con lo que est\u00e1 ocurriendo ahora mismo?<\/p>\n\n<p>Esta consulta se centra en los <strong>movimientos astrol\u00f3gicos actuales<\/strong> y c\u00f3mo gestionarlos de forma m\u00e1s consciente. Ideal para quienes ya han realizado una lectura previa o tienen un conocimiento b\u00e1sico de su Carta Natal y buscan respuestas concretas para los pr\u00f3ximos meses.<\/p>\n\n<p class=\"has-small-font-size\" style=\"line-height:1.6\"><\/p>\n\n<p class=\"has-small-font-size\" style=\"line-height:1.6\"><\/p><\/div><\/div><\/div><\/div><p class=\"has-medium-font-size\" style=\"line-height:1.6\"><\/p><p><strong>Importante:<\/strong> Este servicio no incluye un an\u00e1lisis completo de la Carta Natal. <strong>Sin ese contexto, la comprensi\u00f3n puede ser m\u00e1s limitada.<\/strong><\/p><p><strong>\u00bfQu\u00e9 trabajamos?<\/strong><br>\u2013 Tr\u00e1nsitos actuales: los movimientos astrol\u00f3gicos que est\u00e1n activando cambios en la vida.<br>\u2013 Progresiones: c\u00f3mo se est\u00e1 moviendo el mundo interno y hacia d\u00f3nde se dirige a nivel emocional.<br>\u2013 Recomendaciones pr\u00e1cticas para los pr\u00f3ximos meses, manteniendo el enfoque en decisiones alineadas y conscientes.<\/p><p><strong>Cuando la incertidumbre se apodera del presente, este espacio es para encontrar claridad en lo que realmente est\u00e1 ocurriendo y tomar decisiones m\u00e1s s\u00f3lidas y coherentes. <\/strong>O cuando est\u00e1s en cambios expansivos y quieres asegurarte que vas po buen camino por el que surgen las preguntas.<\/p><p class=\"has-medium-font-size\" style=\"line-height:1.6\"><strong>Incluye:<\/strong> Grabaci\u00f3n completa de la sesi\u00f3n para revisarla y mantener el foco en los pr\u00f3ximos meses.<br><strong>Formato:<\/strong> Online v\u00eda Zoom.<br><strong>Duraci\u00f3n:<\/strong> 1 hora.<br><strong>Precio:<\/strong> <strong>95 euros<\/strong><\/p><div class=\"wp-block-columns alignwide are-vertically-aligned-center is-layout-flex wp-container-core-columns-is-layout-8 wp-block-columns-is-layout-flex\"><div class=\"wp-block-column is-vertically-aligned-center is-layout-flow wp-block-column-is-layout-flow\" style=\"flex-basis:50%\"><div class=\"wp-block-cover is-light\" style=\"min-height:600px;aspect-ratio:unset;\"><span aria-hidden=\"true\" class=\"wp-block-cover__background has-background-dim-100 has-background-dim\" style=\"background-color:#f6f6f6\"><\/span><div class=\"wp-block-cover__inner-container is-layout-flow wp-block-cover-is-layout-flow\"><div class=\"wp-block-image\"><figure class=\"aligncenter size-medium\"><img loading=\"lazy\" decoding=\"async\" width=\"300\" height=\"200\" src=\"https:\/\/bornonpluto.com\/wp-content\/uploads\/2024\/10\/1-300x200.jpg\" alt=\"\" class=\"wp-image-250\" srcset=\"https:\/\/bornonpluto.com\/wp-content\/uploads\/2024\/10\/1-300x200.jpg 300w, https:\/\/bornonpluto.com\/wp-content\/uploads\/2024\/10\/1-1024x683.jpg 1024w, https:\/\/bornonpluto.com\/wp-content\/uploads\/2024\/10\/1-768x512.jpg 768w, https:\/\/bornonpluto.com\/wp-content\/uploads\/2024\/10\/1-1536x1024.jpg 1536w, https:\/\/bornonpluto.com\/wp-content\/uploads\/2024\/10\/1-2048x1365.jpg 2048w, https:\/\/bornonpluto.com\/wp-content\/uploads\/2024\/10\/1-360x240.jpg 360w, https:\/\/bornonpluto.com\/wp-content\/uploads\/2024\/10\/1-600x400.jpg 600w\" sizes=\"auto, (max-width: 300px) 100vw, 300px\" \/><\/figure><\/div><\/div><\/div><\/div>\n\n<div class=\"wp-block-column is-vertically-aligned-center is-layout-flow wp-block-column-is-layout-flow\" style=\"padding-top:1em;padding-right:1em;padding-bottom:1em;padding-left:1em\"><div class=\"wp-block-columns is-layout-flex wp-container-core-columns-is-layout-7 wp-block-columns-is-layout-flex\"><div class=\"wp-block-column is-layout-flow wp-block-column-is-layout-flow\" style=\"flex-basis:320px\"><p class=\"has-medium-font-size\" style=\"line-height:1.6\"><strong>4. Chequeo Evolutivo (Consulta de Seguimiento)<\/strong><\/p>\n\n<p class=\"has-medium-font-size\" style=\"line-height:1.6\">65 euros \u2013 Un ajuste y seguimiento para quienes han realizado una consulta previa.<\/p>\n\n<p>\u00bfSientes que lo que vimos en la consulta anterior ha cambiado o se ha movido de forma inesperada? \u00bfQuieres ajustar lo trabajado sin entrar en una consulta completa?<\/p>\n\n<p>Este chequeo est\u00e1 pensado para quienes desean <strong>reajustar, clarificar y confirmar decisiones<\/strong>, manteniendo el rumbo sin esperar a una nueva consulta completa.<\/p><\/div><\/div><\/div><\/div><p><strong>\u00bfQu\u00e9 trabajamos?<\/strong><br>\u2013 Revisi\u00f3n de los tr\u00e1nsitos m\u00e1s relevantes del momento.<br>\u2013 Revisi\u00f3n de progresiones: c\u00f3mo ha evolucionado el estado interno y si hay alg\u00fan cambio significativo a observar.<br>\u2013 Ajuste del enfoque seg\u00fan los nuevos eventos o decisiones a tomar.<br>\u2013 Respuesta a preguntas puntuales o \u00e1reas espec\u00edficas.<\/p><p><strong>Cuando la vida da un paso inesperado, este chequeo es un punto de ajuste para mantener el foco sin perder el rumbo.<\/strong><\/p><p><strong>Incluye:<\/strong> Grabaci\u00f3n de la sesi\u00f3n para revisarla cuando sea necesario.<br><strong>Formato:<\/strong> Online v\u00eda Zoom.<br><strong>Duraci\u00f3n:<\/strong> 45 min.<br><strong>Precio:<\/strong> <strong>65 euros<\/strong><\/p><hr class=\"wp-block-separator has-alpha-channel-opacity\"\/><h2 class=\"wp-block-heading\" style=\"font-size:38px;line-height:1.4\"><strong>Reserva<\/strong><\/h2><h3 class=\"wp-block-heading\"><strong>\u00bfC\u00f3mo reservar una sesi\u00f3n?<\/strong><\/h3><ol class=\"wp-block-list\"><li><strong>Env\u00edame un email a: <\/strong><code><a href=\"mailto:bornonplutoinfo@gmail.com\">bornonplutoinfo@gmail.com<\/a><\/code>&nbsp;con:<ul class=\"wp-block-list\"><li>El&nbsp;<strong>nombre del servicio<\/strong>&nbsp;que deseas contratar.<\/li>\n\n<li>Tus&nbsp;<strong>datos de nacimiento<\/strong>: d\u00eda, mes, a\u00f1o, hora (lo m\u00e1s exacta posible) y lugar (ciudad, pa\u00eds).<\/li><\/ul><\/li>\n\n<li><strong>Recibir\u00e1s un enlace con el calendario online para agendar tu cita en m\u00e1ximo 72 horas. <\/strong><ul class=\"wp-block-list\"><li>Selecciona el d\u00eda y la hora que mejor te convengan.<\/li><\/ul><\/li>\n\n<li><strong>Realiza el pago y env\u00eda el comprobante al mismo email:<\/strong><ul class=\"wp-block-list\"><li>Es imprescindible que env\u00edes el comprobante de pago en un plazo de 24 horas tras reservar la cita.<\/li>\n\n<li>Las reservas sin pago hecho o sin comprobante de pago en ese plazo ser\u00e1n canceladas autom\u00e1ticamente.<\/li><\/ul><\/li><\/ol><p>**Antes de reservar tu sesi\u00f3n, te recomendamos leer las&nbsp;<strong><a href=\"http:\/\/bornonpluto.com\/wp-content\/uploads\/2025\/05\/Condiciones_Servicio_Astrologia_Polina_Polkowska.pdf\">Condiciones del Servicio<\/a><\/strong>, donde encontrar\u00e1s informaci\u00f3n importante sobre reprogramaciones, cancelaciones y reembolsos. <a href=\"http:\/\/bornonpluto.com\/wp-content\/uploads\/2025\/05\/Condiciones_Servicio_Astrologia_Polina_Polkowska.pdf\">[Descargar aqu\u00ed]<\/a>&nbsp;<\/p><p>\u00a1Gracias por tu colaboraci\u00f3n!<\/p><p><strong>Importante<\/strong>: contratando el servicio das a entender que no solo has le\u00eddo bien lo que contiene el servicio elegido, sino est\u00e1s de acuerdo con la informaci\u00f3n expuesta aqu\u00ed en <a href=\"https:\/\/bornonpluto.com\/index.php\/faq\/\">FAQ (preguntas frecuentes)<\/a> <br>Si tienes alguna duda particular que no est\u00e9 descrita aqu\u00ed, no dudes en preguntar a trav\u00e9s de la pesta\u00f1a contacto o directamente al e-mail: <code><a href=\"mailto:bornonplutoinfo@gmail.com\">bornonplutoinfo@gmail.com<\/a><\/code>&nbsp;<\/p>","protected":false},"excerpt":{"rendered":"<p>1. Lectura de Transformaci\u00f3n (Astrolog\u00eda Completa) La consulta m\u00e1s completa para quienes est\u00e1n en un punto de inflexi\u00f3n y buscan claridad sobre lo vivido, c\u00f3mo han llegado hasta aqu\u00ed y hacia d\u00f3nde se dirigen en el pr\u00f3ximo ciclo anual. \u00bfSientes que tu vida est\u00e1 en un momento clave y no [&hellip;]<\/p>\n","protected":false},"author":1,"featured_media":0,"parent":0,"menu_order":0,"comment_status":"closed","ping_status":"closed","template":"","meta":{"footnotes":""},"class_list":["post-96","page","type-page","status-publish","hentry"],"_links":{"self":[{"href":"https:\/\/bornonpluto.com\/index.php\/wp-json\/wp\/v2\/pages\/96","targetHints":{"allow":["GET"]}}],"collection":[{"href":"https:\/\/bornonpluto.com\/index.php\/wp-json\/wp\/v2\/pages"}],"about":[{"href":"https:\/\/bornonpluto.com\/index.php\/wp-json\/wp\/v2\/types\/page"}],"author":[{"embeddable":true,"href":"https:\/\/bornonpluto.com\/index.php\/wp-json\/wp\/v2\/users\/1"}],"replies":[{"embeddable":true,"href":"https:\/\/bornonpluto.com\/index.php\/wp-json\/wp\/v2\/comments?post=96"}],"version-history":[{"count":29,"href":"https:\/\/bornonpluto.com\/index.php\/wp-json\/wp\/v2\/pages\/96\/revisions"}],"predecessor-version":[{"id":361,"href":"https:\/\/bornonpluto.com\/index.php\/wp-json\/wp\/v2\/pages\/96\/revisions\/361"}],"wp:attachment":[{"href":"https:\/\/bornonpluto.com\/index.php\/wp-json\/wp\/v2\/media?parent=96"}],"curies":[{"name":"wp","href":"https:\/\/api.w.org\/{rel}","templated":true}]}}