{"id":153,"date":"2024-10-05T20:50:39","date_gmt":"2024-10-05T18:50:39","guid":{"rendered":"https:\/\/bornonpluto.com\/?page_id=153"},"modified":"2025-05-14T20:41:41","modified_gmt":"2025-05-14T18:41:41","slug":"meta","status":"publish","type":"page","link":"https:\/\/bornonpluto.com\/index.php\/meta\/","title":{"rendered":"Metaprogramaci\u00f3n Cognitiva"},"content":{"rendered":"<p>\u00bfTe has sentido alguna vez atrapado en los mismos patrones? \u00bfSituaciones que parecen repetirse o emociones que te cuesta procesar? La Metaprogramaci\u00f3n Cognitiva es una herramienta diferente. No es terapia, ni coaching, ni asesoramiento psicol\u00f3gico. Es un proceso introspectivo que utiliza la visualizaci\u00f3n y s\u00edmbolos para explorar y desbloquear aquellas \u00e1reas de tu vida donde sientes estancamiento. Aprovechamos el potencial de tu propia mente en la resoluci\u00f3n de los conflictos internos.<\/p><p>Esta metodolog\u00eda lleva m\u00e1s de una d\u00e9cada en funcionamiento. Aunque a\u00fan es poco conocida, ha demostrado ser \u00fatil en situaciones como:<\/p><ul class=\"wp-block-list\"><li>Procesos de cambio (separaciones, duelos, mudanzas, despidos o cambios de trabajo) donde sientes que las emociones se quedan estancadas o los pensamientos giran en c\u00edrculos.<\/li>\n\n<li>Conflictos recurrentes en relaciones personales o laborales que parecen seguir un patr\u00f3n.<\/li>\n\n<li>Bloqueos emocionales o mentales que, aunque intuyes, no terminas de comprender ni superar.<\/li>\n\n<li>Momentos de incertidumbre, apat\u00eda o falta de direcci\u00f3n, donde sientes que &#8220;algo&#8221; te impide avanzar.<\/li>\n\n<li>Dificultades para alcanzar una meta espec\u00edfica (ex\u00e1menes, entrevistas, proyectos) y la sensaci\u00f3n de autosabotaje.<\/li>\n\n<li>Situaciones espec\u00edficas, como aversiones alimentarias, miedos concretos o somatizaciones menores.<\/li><\/ul><p class=\"has-text-align-center\"><strong>TESTIMONIOS<\/strong><\/p><figure class=\"wp-block-gallery has-nested-images columns-6 is-cropped wp-block-gallery-1 is-layout-flex wp-block-gallery-is-layout-flex\"><figure class=\"wp-block-image size-large\"><a href=\"https:\/\/bornonpluto.com\/wp-content\/uploads\/2024\/10\/Paulina-Polkowska-Born-On-Pluto-Testimonios-1.jpg\"><img decoding=\"async\" data-id=\"283\" src=\"https:\/\/bornonpluto.com\/wp-content\/uploads\/2024\/10\/Paulina-Polkowska-Born-On-Pluto-Testimonios-1-461x1024.jpg\" alt=\"\" class=\"wp-image-283\"\/><\/a><\/figure>\n\n<figure class=\"wp-block-image size-large\"><a href=\"https:\/\/bornonpluto.com\/wp-content\/uploads\/2024\/10\/Paulina-Polkowska-Born-On-Pluto-Testimonios-2.jpg\"><img loading=\"lazy\" decoding=\"async\" width=\"461\" height=\"1024\" data-id=\"284\" src=\"https:\/\/bornonpluto.com\/wp-content\/uploads\/2024\/10\/Paulina-Polkowska-Born-On-Pluto-Testimonios-2-461x1024.jpg\" alt=\"\" class=\"wp-image-284\" srcset=\"https:\/\/bornonpluto.com\/wp-content\/uploads\/2024\/10\/Paulina-Polkowska-Born-On-Pluto-Testimonios-2-461x1024.jpg 461w, https:\/\/bornonpluto.com\/wp-content\/uploads\/2024\/10\/Paulina-Polkowska-Born-On-Pluto-Testimonios-2-135x300.jpg 135w, https:\/\/bornonpluto.com\/wp-content\/uploads\/2024\/10\/Paulina-Polkowska-Born-On-Pluto-Testimonios-2-768x1708.jpg 768w, https:\/\/bornonpluto.com\/wp-content\/uploads\/2024\/10\/Paulina-Polkowska-Born-On-Pluto-Testimonios-2-691x1536.jpg 691w, https:\/\/bornonpluto.com\/wp-content\/uploads\/2024\/10\/Paulina-Polkowska-Born-On-Pluto-Testimonios-2-600x1334.jpg 600w, https:\/\/bornonpluto.com\/wp-content\/uploads\/2024\/10\/Paulina-Polkowska-Born-On-Pluto-Testimonios-2.jpg 921w\" sizes=\"auto, (max-width: 461px) 100vw, 461px\" \/><\/a><\/figure>\n\n<figure class=\"wp-block-image size-large\"><a href=\"https:\/\/bornonpluto.com\/wp-content\/uploads\/2024\/10\/Paulina-Polkowska-Born-On-Pluto-Testimonios-3.jpg\"><img loading=\"lazy\" decoding=\"async\" width=\"461\" height=\"1024\" data-id=\"290\" src=\"https:\/\/bornonpluto.com\/wp-content\/uploads\/2024\/10\/Paulina-Polkowska-Born-On-Pluto-Testimonios-3-461x1024.jpg\" alt=\"\" class=\"wp-image-290\" srcset=\"https:\/\/bornonpluto.com\/wp-content\/uploads\/2024\/10\/Paulina-Polkowska-Born-On-Pluto-Testimonios-3-461x1024.jpg 461w, https:\/\/bornonpluto.com\/wp-content\/uploads\/2024\/10\/Paulina-Polkowska-Born-On-Pluto-Testimonios-3-135x300.jpg 135w, https:\/\/bornonpluto.com\/wp-content\/uploads\/2024\/10\/Paulina-Polkowska-Born-On-Pluto-Testimonios-3-768x1708.jpg 768w, https:\/\/bornonpluto.com\/wp-content\/uploads\/2024\/10\/Paulina-Polkowska-Born-On-Pluto-Testimonios-3-691x1536.jpg 691w, https:\/\/bornonpluto.com\/wp-content\/uploads\/2024\/10\/Paulina-Polkowska-Born-On-Pluto-Testimonios-3-600x1334.jpg 600w, https:\/\/bornonpluto.com\/wp-content\/uploads\/2024\/10\/Paulina-Polkowska-Born-On-Pluto-Testimonios-3.jpg 921w\" sizes=\"auto, (max-width: 461px) 100vw, 461px\" \/><\/a><\/figure>\n\n<figure class=\"wp-block-image size-large\"><a href=\"https:\/\/bornonpluto.com\/wp-content\/uploads\/2024\/10\/Paulina-Polkowska-Born-On-Pluto-Testimonios-4.jpg\"><img loading=\"lazy\" decoding=\"async\" width=\"461\" height=\"1024\" data-id=\"293\" src=\"https:\/\/bornonpluto.com\/wp-content\/uploads\/2024\/10\/Paulina-Polkowska-Born-On-Pluto-Testimonios-4-461x1024.jpg\" alt=\"\" class=\"wp-image-293\" srcset=\"https:\/\/bornonpluto.com\/wp-content\/uploads\/2024\/10\/Paulina-Polkowska-Born-On-Pluto-Testimonios-4-461x1024.jpg 461w, https:\/\/bornonpluto.com\/wp-content\/uploads\/2024\/10\/Paulina-Polkowska-Born-On-Pluto-Testimonios-4-135x300.jpg 135w, https:\/\/bornonpluto.com\/wp-content\/uploads\/2024\/10\/Paulina-Polkowska-Born-On-Pluto-Testimonios-4-768x1708.jpg 768w, https:\/\/bornonpluto.com\/wp-content\/uploads\/2024\/10\/Paulina-Polkowska-Born-On-Pluto-Testimonios-4-691x1536.jpg 691w, https:\/\/bornonpluto.com\/wp-content\/uploads\/2024\/10\/Paulina-Polkowska-Born-On-Pluto-Testimonios-4-600x1334.jpg 600w, https:\/\/bornonpluto.com\/wp-content\/uploads\/2024\/10\/Paulina-Polkowska-Born-On-Pluto-Testimonios-4.jpg 921w\" sizes=\"auto, (max-width: 461px) 100vw, 461px\" \/><\/a><\/figure>\n\n<figure class=\"wp-block-image size-large\"><a href=\"https:\/\/bornonpluto.com\/wp-content\/uploads\/2024\/10\/Paulina-Polkowska-Born-On-Pluto-Testimonios-5.jpg\"><img loading=\"lazy\" decoding=\"async\" width=\"461\" height=\"1024\" data-id=\"287\" src=\"https:\/\/bornonpluto.com\/wp-content\/uploads\/2024\/10\/Paulina-Polkowska-Born-On-Pluto-Testimonios-5-461x1024.jpg\" alt=\"\" class=\"wp-image-287\" srcset=\"https:\/\/bornonpluto.com\/wp-content\/uploads\/2024\/10\/Paulina-Polkowska-Born-On-Pluto-Testimonios-5-461x1024.jpg 461w, https:\/\/bornonpluto.com\/wp-content\/uploads\/2024\/10\/Paulina-Polkowska-Born-On-Pluto-Testimonios-5-135x300.jpg 135w, https:\/\/bornonpluto.com\/wp-content\/uploads\/2024\/10\/Paulina-Polkowska-Born-On-Pluto-Testimonios-5-768x1708.jpg 768w, https:\/\/bornonpluto.com\/wp-content\/uploads\/2024\/10\/Paulina-Polkowska-Born-On-Pluto-Testimonios-5-691x1536.jpg 691w, https:\/\/bornonpluto.com\/wp-content\/uploads\/2024\/10\/Paulina-Polkowska-Born-On-Pluto-Testimonios-5-600x1334.jpg 600w, https:\/\/bornonpluto.com\/wp-content\/uploads\/2024\/10\/Paulina-Polkowska-Born-On-Pluto-Testimonios-5.jpg 921w\" sizes=\"auto, (max-width: 461px) 100vw, 461px\" \/><\/a><\/figure>\n\n<figure class=\"wp-block-image size-large\"><a href=\"https:\/\/bornonpluto.com\/wp-content\/uploads\/2024\/10\/Paulina-Polkowska-Born-On-Pluto-Testimonios-6.jpg\"><img loading=\"lazy\" decoding=\"async\" width=\"461\" height=\"1024\" data-id=\"286\" src=\"https:\/\/bornonpluto.com\/wp-content\/uploads\/2024\/10\/Paulina-Polkowska-Born-On-Pluto-Testimonios-6-461x1024.jpg\" alt=\"\" class=\"wp-image-286\" srcset=\"https:\/\/bornonpluto.com\/wp-content\/uploads\/2024\/10\/Paulina-Polkowska-Born-On-Pluto-Testimonios-6-461x1024.jpg 461w, https:\/\/bornonpluto.com\/wp-content\/uploads\/2024\/10\/Paulina-Polkowska-Born-On-Pluto-Testimonios-6-135x300.jpg 135w, https:\/\/bornonpluto.com\/wp-content\/uploads\/2024\/10\/Paulina-Polkowska-Born-On-Pluto-Testimonios-6-768x1708.jpg 768w, https:\/\/bornonpluto.com\/wp-content\/uploads\/2024\/10\/Paulina-Polkowska-Born-On-Pluto-Testimonios-6-691x1536.jpg 691w, https:\/\/bornonpluto.com\/wp-content\/uploads\/2024\/10\/Paulina-Polkowska-Born-On-Pluto-Testimonios-6-600x1334.jpg 600w, https:\/\/bornonpluto.com\/wp-content\/uploads\/2024\/10\/Paulina-Polkowska-Born-On-Pluto-Testimonios-6.jpg 921w\" sizes=\"auto, (max-width: 461px) 100vw, 461px\" \/><\/a><\/figure>\n\n<figure class=\"wp-block-image size-large\"><a href=\"https:\/\/bornonpluto.com\/wp-content\/uploads\/2024\/10\/Paulina-Polkowska-Born-On-Pluto-Testimonios-7.jpg\"><img loading=\"lazy\" decoding=\"async\" width=\"461\" height=\"1024\" data-id=\"292\" src=\"https:\/\/bornonpluto.com\/wp-content\/uploads\/2024\/10\/Paulina-Polkowska-Born-On-Pluto-Testimonios-7-461x1024.jpg\" alt=\"\" class=\"wp-image-292\" srcset=\"https:\/\/bornonpluto.com\/wp-content\/uploads\/2024\/10\/Paulina-Polkowska-Born-On-Pluto-Testimonios-7-461x1024.jpg 461w, https:\/\/bornonpluto.com\/wp-content\/uploads\/2024\/10\/Paulina-Polkowska-Born-On-Pluto-Testimonios-7-135x300.jpg 135w, https:\/\/bornonpluto.com\/wp-content\/uploads\/2024\/10\/Paulina-Polkowska-Born-On-Pluto-Testimonios-7-768x1708.jpg 768w, https:\/\/bornonpluto.com\/wp-content\/uploads\/2024\/10\/Paulina-Polkowska-Born-On-Pluto-Testimonios-7-691x1536.jpg 691w, https:\/\/bornonpluto.com\/wp-content\/uploads\/2024\/10\/Paulina-Polkowska-Born-On-Pluto-Testimonios-7-600x1334.jpg 600w, https:\/\/bornonpluto.com\/wp-content\/uploads\/2024\/10\/Paulina-Polkowska-Born-On-Pluto-Testimonios-7.jpg 921w\" sizes=\"auto, (max-width: 461px) 100vw, 461px\" \/><\/a><\/figure>\n\n<figure class=\"wp-block-image size-large\"><a href=\"https:\/\/bornonpluto.com\/wp-content\/uploads\/2024\/10\/Paulina-Polkowska-Born-On-Pluto-Testimonios-8.jpg\"><img loading=\"lazy\" decoding=\"async\" width=\"461\" height=\"1024\" data-id=\"285\" src=\"https:\/\/bornonpluto.com\/wp-content\/uploads\/2024\/10\/Paulina-Polkowska-Born-On-Pluto-Testimonios-8-461x1024.jpg\" alt=\"\" class=\"wp-image-285\" srcset=\"https:\/\/bornonpluto.com\/wp-content\/uploads\/2024\/10\/Paulina-Polkowska-Born-On-Pluto-Testimonios-8-461x1024.jpg 461w, https:\/\/bornonpluto.com\/wp-content\/uploads\/2024\/10\/Paulina-Polkowska-Born-On-Pluto-Testimonios-8-135x300.jpg 135w, https:\/\/bornonpluto.com\/wp-content\/uploads\/2024\/10\/Paulina-Polkowska-Born-On-Pluto-Testimonios-8-768x1708.jpg 768w, https:\/\/bornonpluto.com\/wp-content\/uploads\/2024\/10\/Paulina-Polkowska-Born-On-Pluto-Testimonios-8-691x1536.jpg 691w, https:\/\/bornonpluto.com\/wp-content\/uploads\/2024\/10\/Paulina-Polkowska-Born-On-Pluto-Testimonios-8-600x1334.jpg 600w, https:\/\/bornonpluto.com\/wp-content\/uploads\/2024\/10\/Paulina-Polkowska-Born-On-Pluto-Testimonios-8.jpg 921w\" sizes=\"auto, (max-width: 461px) 100vw, 461px\" \/><\/a><\/figure>\n\n<figure class=\"wp-block-image size-large\"><a href=\"https:\/\/bornonpluto.com\/wp-content\/uploads\/2024\/10\/Paulina-Polkowska-Born-On-Pluto-Testimonios-9.jpg\"><img loading=\"lazy\" decoding=\"async\" width=\"461\" height=\"1024\" data-id=\"291\" src=\"https:\/\/bornonpluto.com\/wp-content\/uploads\/2024\/10\/Paulina-Polkowska-Born-On-Pluto-Testimonios-9-461x1024.jpg\" alt=\"\" class=\"wp-image-291\" srcset=\"https:\/\/bornonpluto.com\/wp-content\/uploads\/2024\/10\/Paulina-Polkowska-Born-On-Pluto-Testimonios-9-461x1024.jpg 461w, https:\/\/bornonpluto.com\/wp-content\/uploads\/2024\/10\/Paulina-Polkowska-Born-On-Pluto-Testimonios-9-135x300.jpg 135w, https:\/\/bornonpluto.com\/wp-content\/uploads\/2024\/10\/Paulina-Polkowska-Born-On-Pluto-Testimonios-9-768x1708.jpg 768w, https:\/\/bornonpluto.com\/wp-content\/uploads\/2024\/10\/Paulina-Polkowska-Born-On-Pluto-Testimonios-9-691x1536.jpg 691w, https:\/\/bornonpluto.com\/wp-content\/uploads\/2024\/10\/Paulina-Polkowska-Born-On-Pluto-Testimonios-9-600x1334.jpg 600w, https:\/\/bornonpluto.com\/wp-content\/uploads\/2024\/10\/Paulina-Polkowska-Born-On-Pluto-Testimonios-9.jpg 921w\" sizes=\"auto, (max-width: 461px) 100vw, 461px\" \/><\/a><\/figure>\n\n<figure class=\"wp-block-image size-large\"><a href=\"https:\/\/bornonpluto.com\/wp-content\/uploads\/2024\/10\/Paulina-Polkowska-Born-On-Pluto-Testimonios-10.jpg\"><img loading=\"lazy\" decoding=\"async\" width=\"461\" height=\"1024\" data-id=\"288\" src=\"https:\/\/bornonpluto.com\/wp-content\/uploads\/2024\/10\/Paulina-Polkowska-Born-On-Pluto-Testimonios-10-461x1024.jpg\" alt=\"\" class=\"wp-image-288\" srcset=\"https:\/\/bornonpluto.com\/wp-content\/uploads\/2024\/10\/Paulina-Polkowska-Born-On-Pluto-Testimonios-10-461x1024.jpg 461w, https:\/\/bornonpluto.com\/wp-content\/uploads\/2024\/10\/Paulina-Polkowska-Born-On-Pluto-Testimonios-10-135x300.jpg 135w, https:\/\/bornonpluto.com\/wp-content\/uploads\/2024\/10\/Paulina-Polkowska-Born-On-Pluto-Testimonios-10-768x1708.jpg 768w, https:\/\/bornonpluto.com\/wp-content\/uploads\/2024\/10\/Paulina-Polkowska-Born-On-Pluto-Testimonios-10-691x1536.jpg 691w, https:\/\/bornonpluto.com\/wp-content\/uploads\/2024\/10\/Paulina-Polkowska-Born-On-Pluto-Testimonios-10-600x1334.jpg 600w, https:\/\/bornonpluto.com\/wp-content\/uploads\/2024\/10\/Paulina-Polkowska-Born-On-Pluto-Testimonios-10.jpg 921w\" sizes=\"auto, (max-width: 461px) 100vw, 461px\" \/><\/a><\/figure>\n\n<figure class=\"wp-block-image size-large\"><a href=\"https:\/\/bornonpluto.com\/wp-content\/uploads\/2024\/10\/Paulina-Polkowska-Born-On-Pluto-Testimonios-11.jpg\"><img loading=\"lazy\" decoding=\"async\" width=\"461\" height=\"1024\" data-id=\"289\" src=\"https:\/\/bornonpluto.com\/wp-content\/uploads\/2024\/10\/Paulina-Polkowska-Born-On-Pluto-Testimonios-11-461x1024.jpg\" alt=\"\" class=\"wp-image-289\" srcset=\"https:\/\/bornonpluto.com\/wp-content\/uploads\/2024\/10\/Paulina-Polkowska-Born-On-Pluto-Testimonios-11-461x1024.jpg 461w, https:\/\/bornonpluto.com\/wp-content\/uploads\/2024\/10\/Paulina-Polkowska-Born-On-Pluto-Testimonios-11-135x300.jpg 135w, https:\/\/bornonpluto.com\/wp-content\/uploads\/2024\/10\/Paulina-Polkowska-Born-On-Pluto-Testimonios-11-768x1708.jpg 768w, https:\/\/bornonpluto.com\/wp-content\/uploads\/2024\/10\/Paulina-Polkowska-Born-On-Pluto-Testimonios-11-691x1536.jpg 691w, https:\/\/bornonpluto.com\/wp-content\/uploads\/2024\/10\/Paulina-Polkowska-Born-On-Pluto-Testimonios-11-600x1334.jpg 600w, https:\/\/bornonpluto.com\/wp-content\/uploads\/2024\/10\/Paulina-Polkowska-Born-On-Pluto-Testimonios-11.jpg 921w\" sizes=\"auto, (max-width: 461px) 100vw, 461px\" \/><\/a><\/figure><\/figure><p><strong>I &#8211; INFORMACI\u00d3N B\u00c1SICA<\/strong><\/p><p><strong>\u00bfC\u00f3mo funciona?<\/strong><\/p><p>A trav\u00e9s de la visualizaci\u00f3n siguiendo un protocolo concreto pero abiertos a todo lo que est\u00e9 lista mostrarnos tu mente, cada sesi\u00f3n invita a explorar el conflicto o bloqueo desde un \u00e1ngulo distinto,&nbsp; permitiendo a la mente acceder a nuevas perspectivas y, potencialmente, desbloquear aquello que no se hab\u00eda visto antes. Es un proceso que busca facilitar el acceso a capas m\u00e1s profundas de la mente.<\/p><p>Cada proceso es \u00fanico y se adapta a lo que la persona trae en cada sesi\u00f3n. Si bien la t\u00e9cnica tiene un protocolo y siempre nos basamos en motivo de la consulta y el malestar, puede surgir que durante la exploraci\u00f3n en la sesi\u00f3n misma &#8211; lo que surge en el momento y lo que necesita ser liberado puede variar a lo que pensaba el cliente; siempre trabajaremos con lo que le presente su propia mente y subconsciente;<\/p><p><strong>\u00bfCu\u00e1nto dura el proceso?<\/strong><\/p><p>En la mayor\u00eda de los casos, el proceso abarca entre 3 y 8 sesiones, distribuidas en un per\u00edodo de 1 a 3 meses. Cada persona es \u00fanica, y algunos pueden sentir cambios desde la primera sesi\u00f3n, mientras que otros requieren m\u00e1s tiempo para integrar las experiencias. No es una f\u00f3rmula m\u00e1gica ni una soluci\u00f3n r\u00e1pida (aunque m\u00e1s r\u00e1pido que muchos enfoques convencionales), sino un proceso gradual que permite profundizar y dar espacio a lo que surja.<\/p><p><strong>Importante: <\/strong>No puedo prometerte que si tienes un bloqueo en el \u00e1rea de pareja, vas a encontrar a la persona ideal en un mes, o que si est\u00e1s estancado en tu emprendimiento, de repente vas a ver c\u00f3mo todo se alinea. Pero s\u00ed podemos trabajar en que ciertos temas dejen de doler tanto, en soltar esas cargas emocionales que te pesan y te mantienen en un ciclo repetitivo.<\/p><p><strong>\u00bfQu\u00e9 puedes esperar?<\/strong><\/p><p>M\u00e1s all\u00e1 de los resultados externos, el proceso est\u00e1 orientado a ayudarte a sentirte m\u00e1s ligero, a recuperar claridad y a reconectar con tu propia voz interna. Por ejemplo, puede que empieces a notar que ciertas conversaciones con familiares ya no te afectan tanto o que te sientes menos ansioso ante un proyecto que antes te paralizaba. O tal vez, en lugar de buscar constantemente la aprobaci\u00f3n de los dem\u00e1s, te descubres tomando decisiones por ti mismo, sin tanta duda ni inseguridad.<\/p><p>A veces, los cambios se manifiestan de forma sutil al principio, como una mayor sensaci\u00f3n de calma o claridad. Otras veces, pueden ser m\u00e1s evidentes, como tomar decisiones que antes parec\u00edan imposibles&nbsp;<\/p><p><strong>Antes de aprenderla y facilitarla, yo misma fui cliente&nbsp;<\/strong><\/p><p>Esta herramienta es una de las que m\u00e1s me ha ayudado personalmente a liberarme de cargas emocionales y conflictos internos de forma \u00e1gil. Antes de formarme y practicarla, fui cliente y sigo utiliz\u00e1ndola en momentos puntuales. Conozco el proceso tanto desde dentro como desde fuera, y esa experiencia me permite acompa\u00f1arte desde un lugar honesto, sin promesas ni expectativas desmedidas.<\/p><p><strong>Te Quiero Libre, No Dependiente<\/strong><\/p><p>La Metaprogramaci\u00f3n Cognitiva no est\u00e1 dise\u00f1ada para tenerte en sesiones interminables &#8220;limpiando&#8221; sin un fin concreto. No es un enfoque donde siempre hay algo m\u00e1s que sanar o arreglar. Aqu\u00ed trabajamos en procesos puntuales, con la intenci\u00f3n de que puedas liberarte emocionalmente en un per\u00edodo relativamente corto de entre 1 y 3 meses.<\/p><p>Si est\u00e1s sano mentalmente, una vez resuelto el conflicto o malestar inicial, la idea es que salgas fortalecido y con herramientas para seguir tu camino, no m\u00e1s dependiente ni agotado emocional o econ\u00f3micamente. Si deseas hacer otro proceso, se recomienda esperar unos meses antes de retomar.<\/p><p><strong>\u00bfEs para mi?<\/strong><\/p><p>Si sientes que est\u00e1s atrapado en un ciclo repetitivo o te cuesta avanzar en ciertas \u00e1reas, reserva una sesi\u00f3n de exploraci\u00f3n de 20 minutos y veamos si este proceso puede ayudarte a soltar esa carga emocional.<\/p><p><strong>II CONTRAINDICACIONES: CON QU\u00c9 CASOS NO SE TRABAJA<\/strong><\/p><p><strong>Lo que No Trabajo Actualmente&nbsp;<\/strong><\/p><ul class=\"wp-block-list\"><li><strong>Somatizaciones mayores y enfermedades:<\/strong> Si bien la Metaprogramaci\u00f3n Cognitiva puede ser \u00fatil para ciertos bloqueos emocionales, no trabajo con somatizaciones mayores o enfermedades f\u00edsicas para las que no se encuentra una causa m\u00e9dica clara. Estos casos suelen requerir un enfoque m\u00e1s especializado.<\/li>\n\n<li><strong>Adicciones:<\/strong> No abordo adicciones directamente a trav\u00e9s de Metaprogramaci\u00f3n Cognitiva, ya que es un tema complejo que generalmente requiere un tratamiento especializado y multidisciplinar. Sin embargo, si ya est\u00e1s en un proceso de tratamiento con un profesional cualificado, puedo acompa\u00f1arte emocionalmente para que el camino sea m\u00e1s llevadero.<\/li><\/ul><p><strong>Para Qui\u00e9n <\/strong><strong>NO<\/strong><strong> Es la Metaprogramaci\u00f3n Cognitiva<\/strong><\/p><ul class=\"wp-block-list\"><li><strong>Casos de depresi\u00f3n o ansiedad cl\u00ednicas:<\/strong> Si est\u00e1s diagnosticado o en tratamiento por depresi\u00f3n o ansiedad cl\u00ednica, te recomiendo que antes de empezar me lo comentes para evaluar tu situaci\u00f3n. En estos casos, siempre es importante que te acompa\u00f1e un profesional especializado.<\/li>\n\n<li><strong>Si tomas medicaci\u00f3n psiqui\u00e1trica:<\/strong> Si est\u00e1s bajo tratamiento m\u00e9dico con f\u00e1rmacos recetados para trastornos mentales o emocionales, consulta con tu m\u00e9dico o psic\u00f3logo antes de comenzar. Es fundamental adaptar el proceso a tu situaci\u00f3n espec\u00edfica.<\/li>\n\n<li><strong>Trastornos mentales graves:<\/strong> No trabajamos con personas que presenten trastornos psic\u00f3ticos, esquizofrenia, bipolaridad, Asperger o cualquier condici\u00f3n en la que el control de la mente pueda estar comprometido. En estos casos, la t\u00e9cnica podr\u00eda no solo no ser \u00fatil, sino incluso contraproducente.<\/li>\n\n<li><strong>Pensamientos suicidas o conductas autolesivas:<\/strong> En caso de ideas de suicidio o riesgo de autolesi\u00f3n, es vital que busques apoyo especializado de un profesional en salud mental.<\/li>\n\n<li><strong>Si ya est\u00e1s en otro proceso emocional:<\/strong> Si actualmente est\u00e1s en terapia psicol\u00f3gica, coaching emocional o alg\u00fan proceso similar, te recomiendo no mezclar procesos. La Metaprogramaci\u00f3n Cognitiva puede generar reestructuraciones internas que podr\u00edan solaparse o entrar en conflicto con otras metodolog\u00edas.<\/li>\n\n<li><strong>Excepciones:<\/strong> Este enfoque no interfiere con terapias f\u00edsicas o corporales (como fisioterapia, osteopat\u00eda, yoga, etc.), que de hecho pueden ser un excelente complemento para facilitar la integraci\u00f3n emocional a trav\u00e9s del cuerpo.<\/li><\/ul><p><em>Si bien tambi\u00e9n trabajo como astr\u00f3loga, durante el proceso de Metaprogramaci\u00f3n Cognitiva no mezclar\u00e9 astrolog\u00eda ni <\/em>otras <em>herramientas. Mantendremos el enfoque claro y estructurado para que el proceso sea lo m\u00e1s efectivo posible.<\/em><\/p><p><em>Si alguno de estos puntos aplica a tu situaci\u00f3n y no me lo comentas antes de iniciar, no me responsabilizo por los resultados obtenidos. La Metaprogramaci\u00f3n Cognitiva es una herramienta potente, pero est\u00e1 pensada para personas que puedan gestionar su mente de forma estable y segura.<\/em><\/p><p><strong>III \u2013 Estructura de las Sesiones<\/strong><\/p><p>Cada sesi\u00f3n de Metaprogramaci\u00f3n Cognitiva es un espacio personalizado y flexible, dise\u00f1ado para adaptarse a tu situaci\u00f3n concreta. Aunque no existe una estructura r\u00edgida, generalmente seguimos este flujo:<\/p><ul class=\"wp-block-list\"><li><strong>Inicio y conexi\u00f3n:<\/strong> Comenzamos con una breve conversaci\u00f3n para ponernos al d\u00eda y crear un ambiente de confianza.<\/li>\n\n<li><strong>Exploraci\u00f3n del tema:<\/strong> Identificamos el conflicto o bloqueo que deseas abordar en la sesi\u00f3n.<\/li>\n\n<li><strong>Visualizaci\u00f3n guiada:<\/strong> Te acompa\u00f1o en una visualizaci\u00f3n que facilita el acceso a capas m\u00e1s profundas de tu mente, permitiendo la liberaci\u00f3n de bloqueos y la obtenci\u00f3n de nuevas perspectivas.<\/li>\n\n<li><strong>Integraci\u00f3n:<\/strong> Reflexionamos sobre lo vivido, buscando integrar lo experimentado de manera consciente.<\/li>\n\n<li><strong>Cierre:<\/strong> Finalizamos con una recapitulaci\u00f3n breve y, si lo deseas, sugerencias para continuar integrando el trabajo entre sesiones.<\/li><\/ul><p>Cada proceso es \u00fanico. No hay f\u00f3rmulas m\u00e1gicas ni resultados garantizados. La transformaci\u00f3n es gradual y depende tanto del compromiso del cliente como del ritmo natural del proceso.<\/p><p><strong>IV \u2013 Datos Pr\u00e1cticos Acerca de las Sesiones<\/strong><\/p><ul class=\"wp-block-list\"><li><strong>Idiomas disponibles:<\/strong> Espa\u00f1ol, ingl\u00e9s y polaco.<\/li>\n\n<li><strong>Modalidad:<\/strong> Sesiones online, para mayor comodidad y flexibilidad.<\/li>\n\n<li><strong>Duraci\u00f3n:<\/strong> Cada sesi\u00f3n dura entre 60 y 90 minutos. Sin embargo, para ir tranquilos y no sentirnos apurados, se pide reservar entre 1,5 y 2 horas. La sesi\u00f3n puede finalizar antes si se resuelve el tema, ya que m\u00e1s tiempo no necesariamente implica mejores resultados.<\/li>\n\n<li><strong>Frecuencia recomendada:<\/strong> Generalmente, comenzamos con una sesi\u00f3n semanal para mantener el impulso inicial. A medida que avanzamos, podemos espaciar las sesiones a quincenal para dar tiempo a integrar los cambios. Mantener un d\u00eda y horario fijo facilita el compromiso y la continuidad del proceso.<\/li>\n\n<li><strong>N\u00famero de sesiones:<\/strong> Aunque algunas personas perciben cambios significativos en pocas sesiones, un proceso est\u00e1ndar suele durar entre 3 y 8 sesiones, dependiendo del ritmo y profundidad del trabajo.<\/li>\n\n<li><strong>Confidencialidad:<\/strong> Todo lo compartido en las sesiones es absolutamente confidencial.<\/li><\/ul><p><strong>V \u2013 <\/strong>CONDICIONES DEL SERVICIO Y RESPONSABILIDAD<\/p><p><em><a href=\"http:\/\/bornonpluto.com\/wp-content\/uploads\/2025\/05\/CondicionesdelServicioPagoyResponsabilidad.pdf\">pdf para descargar<\/a><\/em><\/p>","protected":false},"excerpt":{"rendered":"<p>\u00bfTe has sentido alguna vez atrapado en los mismos patrones? \u00bfSituaciones que parecen repetirse o emociones que te cuesta procesar? La Metaprogramaci\u00f3n Cognitiva es una herramienta diferente. No es terapia, ni coaching, ni asesoramiento psicol\u00f3gico. Es un proceso introspectivo que utiliza la visualizaci\u00f3n y s\u00edmbolos para explorar y desbloquear aquellas [&hellip;]<\/p>\n","protected":false},"author":1,"featured_media":0,"parent":0,"menu_order":0,"comment_status":"closed","ping_status":"closed","template":"","meta":{"footnotes":""},"class_list":["post-153","page","type-page","status-publish","hentry"],"_links":{"self":[{"href":"https:\/\/bornonpluto.com\/index.php\/wp-json\/wp\/v2\/pages\/153","targetHints":{"allow":["GET"]}}],"collection":[{"href":"https:\/\/bornonpluto.com\/index.php\/wp-json\/wp\/v2\/pages"}],"about":[{"href":"https:\/\/bornonpluto.com\/index.php\/wp-json\/wp\/v2\/types\/page"}],"author":[{"embeddable":true,"href":"https:\/\/bornonpluto.com\/index.php\/wp-json\/wp\/v2\/users\/1"}],"replies":[{"embeddable":true,"href":"https:\/\/bornonpluto.com\/index.php\/wp-json\/wp\/v2\/comments?post=153"}],"version-history":[{"count":14,"href":"https:\/\/bornonpluto.com\/index.php\/wp-json\/wp\/v2\/pages\/153\/revisions"}],"predecessor-version":[{"id":343,"href":"https:\/\/bornonpluto.com\/index.php\/wp-json\/wp\/v2\/pages\/153\/revisions\/343"}],"wp:attachment":[{"href":"https:\/\/bornonpluto.com\/index.php\/wp-json\/wp\/v2\/media?parent=153"}],"curies":[{"name":"wp","href":"https:\/\/api.w.org\/{rel}","templated":true}]}}