{"id":128,"date":"2024-10-05T20:10:43","date_gmt":"2024-10-05T18:10:43","guid":{"rendered":"https:\/\/bornonpluto.com\/?page_id=128"},"modified":"2024-10-05T20:21:53","modified_gmt":"2024-10-05T18:21:53","slug":"faq","status":"publish","type":"page","link":"https:\/\/bornonpluto.com\/index.php\/faq\/","title":{"rendered":"FAQ"},"content":{"rendered":"<p>Preguntas frecuentes<\/p><details class=\"wp-block-details is-layout-flow wp-block-details-is-layout-flow\"><summary><strong>\u00bfQu\u00e9 puedo esperar de una consulta?<\/strong><\/summary><p>En la descripci\u00f3n de cada servicio encontrar\u00e1s para qu\u00e9 y qui\u00e9n est\u00e1 m\u00e1s ajustado.<\/p>\n\n<p>Lo que s\u00ed que te puedo asegurar para todas las consultas, que mi premisa es aparte de la profundidad y la claridad de la informaci\u00f3n, es la practicidad y que vayas de la consulta con una informaci\u00f3n que te sirva en la vida real.<\/p>\n\n<p>No asusto, pero tampoco coloreo la realidad, el misticismo ha de encontrar una v\u00eda pr\u00e1ctica y eso no le quitar\u00e1 la profundidad necesaria en ning\u00fan momento.<\/p><\/details><details class=\"wp-block-details is-layout-flow wp-block-details-is-layout-flow\"><summary><strong><strong>\u00bfDeber\u00eda tener miedo?<\/strong><\/strong><\/summary><p>Absolutamente no. Una de mis principales premisas es que salgas con nueva informaci\u00f3n que te haga indagar y buscar respuestas, que te d\u00e9 m\u00e1s poder, pero jam\u00e1s asustarte ni condicionarte. No predico el futuro ni te digo el famoso \u00b4\u00b4que te va a pasar\u00b4\u00b4, solo te explico cosas de tu ADN c\u00f3smico que tal vez no veas a\u00fan por ti mismo y te ayudo a ver sentido de ello y otros acontecimientos que te ocurren igual que algunas de sus duraciones a nivel energ\u00e9tico. Mi tarea es ayudar a darte luz para lo que est\u00e1s viviendo y lo que viene, preguntar sin condicionarte, sin asustarte y a la vez sin <em>sugar coding<\/em> (diciendo que todo va a ser maravilloso, la vida no es blanca y negra). Vamos a ir a fondo de tus cartas para lo que necesites en este momento.<\/p><\/details><details class=\"wp-block-details is-layout-flow wp-block-details-is-layout-flow\"><summary><strong><strong><strong>\u00bfCon qu\u00e9 tipo de Astrolog\u00eda trabajo?<\/strong><\/strong><\/strong><\/summary><p>Hago astrolog\u00eda personal (no la mundial que se enfoca en pa\u00edses) con el enfoque de Astrolog\u00eda Psicol\u00f3gica, Terap\u00e9utica, K\u00e1rmica y Evolutiva que se centran en lo transpersonal (la forma integral de ver la mente y psique humanas, m\u00e1s all\u00e1 de lo individual). No hago rama de astrolog\u00eda m\u00e9dica o financiera.<\/p>\n\n<p>En algunas consultas, si lo veo necesario, complemento la informaci\u00f3n con algunos detalles de la Numerolog\u00eda u otro tipo de herramientas que conozco; no las nombro siempre si no es importante para la consulta, lo importante es que te lleves una informaci\u00f3n que te ayude y no los nombres de las t\u00e9cnicas que podr\u00edan confundirte m\u00e1s en vez de ayudarte.<\/p>\n\n<p>Mi misi\u00f3n es darte m\u00e1s claridad en vez de a\u00fan m\u00e1s confusi\u00f3n y que salgas con mil cabos por atar m\u00e1s perdido que has entrado.<\/p>\n\n<p>No hago Astrolog\u00eda Predictiva (Antigua) (solo la uso como base de conocimiento porque no se la puede obviar) ni practico la Astrolog\u00eda de miedo, como la llamo yo. Si bien, estudi\u00e9 como cualquier astr\u00f3logo las bases de la astrolog\u00eda tradicional para entender or\u00edgenes y como se formaron las cosas &#8211; no considero que aplicar Astrolog\u00eda tradicional en su enfoque determinista en el Siglo XXI sea razonable, pr\u00e1ctico y consciente \u2013 dado que no solo el mundo, sino nuestra consciencia han evolucionado mucho y la forma de ver y entender la vida de los que vivieron hace miles a\u00f1os atr\u00e1s, no tiene mucho que ver con la de hoy. Astrolog\u00eda es din\u00e1mica y no est\u00e1tica.<\/p>\n\n<p>Sin embargo, trato de que la consulta vaya m\u00e1s all\u00e1 de la \u00b4cantidad de X t\u00e9cnicas o escuelas\u00b4\u00b4 y sea pr\u00e1ctica y comprensible para el oyente. Adentrarnos demasiado en muchos detalles solo puede confundir m\u00e1s al interesado y el fin de la consulta es esclarecer y dar luz, nunca al rev\u00e9s. Menos es m\u00e1s, nunca mejor dicho en Astrolog\u00eda.<\/p>\n\n<p>Estoy en constante formaci\u00f3n d\u00eda a d\u00eda, as\u00ed que a menudo uso m\u00e1s herramientas sin nombrarlas si considero que puedan ayudarte.<\/p><\/details><details class=\"wp-block-details is-layout-flow wp-block-details-is-layout-flow\"><summary><strong><strong><strong>\u00bfQui\u00e9n te realizar\u00e1 la consulta?<\/strong><\/strong><\/strong><\/summary><p>Todas las consultas igual que otros mensajes, Newsletter y todo contenido de <em>Born On Pluto<\/em> gestiona Paulina Polkowska, la creadora de este espacio.<\/p><\/details><details class=\"wp-block-details is-layout-flow wp-block-details-is-layout-flow\"><summary><strong><strong><strong>\u00bfGrabas el audio\/video de la consulta?<\/strong><\/strong><\/strong><\/summary><p>S\u00ed. Poco al acabar la consulta recibir\u00e1s un email con el enlace de descarga del audio\/video de la consulta. Tambi\u00e9n se aconseja al consultante grabar por su lado (opcional). Tendr\u00e1s 7 d\u00edas valido el enlace para descargar la consulta grabada, y yo guardar\u00e9 la grabaci\u00f3n m\u00e1ximo 30 d\u00edas desde momento de tu consulta. Aseg\u00farate de descargarla en esos d\u00edas (lo ideal tras la consulta), porque luego la borro del servidor para liberar espacio.<\/p><\/details><details class=\"wp-block-details is-layout-flow wp-block-details-is-layout-flow\"><summary><strong><strong><strong>\u00bfEn qu\u00e9 zona horaria ofreces la consulta?<\/strong><\/strong><\/strong><\/summary><p>Las horas que aparecen en la agenda corresponden siempre a las de Barcelona, Espa\u00f1a peninsular (Europa Central). Si te encuentras en otra zona, has de calcular la diferencia horaria.<\/p><\/details><details class=\"wp-block-details is-layout-flow wp-block-details-is-layout-flow\"><summary><strong><strong><strong>\u00bfEn qu\u00e9 idioma se hacen las consultas?<\/strong><\/strong><\/strong><\/summary><p>Ofrezco las consultas en espa\u00f1ol, ingl\u00e9s y polaco.<\/p><\/details><details class=\"wp-block-details is-layout-flow wp-block-details-is-layout-flow\"><summary><strong><strong><strong>\u00bfQu\u00e9 ocurre si no puedo acudir a la consulta?<\/strong><\/strong><\/strong><\/summary><p>El pago de la consulta no es reembolsable, pero puedes aplazar (una sola vez) tu consulta avis\u00e1ndome con un m\u00ednimo de 48 horas de antelaci\u00f3n (y si la consulta es un lunes, como tarde el viernes anterior hasta las 18 horas). Si me avisas con un margen de tiempo inferior, la consulta se pierde.&nbsp;<\/p>\n\n<p>En caso de no asistir sin el previo aviso comentado anteriormente 48 horas antes, no se reembolsar\u00e1 el importe de la consulta y para volver a agendar habr\u00e1 que abonar otra consulta.<\/p>\n\n<p>Si al final pagaste el servicio, pero no puedes o no quieres usarlo \u2013 como el dinero no se devuelve \u2013 puedes regalar esa consulta a otra persona. Tienes 3 d\u00edas para hacerlo desde tu fecha original de la consulta (pasarme datos y contacto de otra persona con la que acordar\u00e9 nueva fecha y ella ha de aprovechar la consulta en max. 14 d\u00edas). Si me contactas m\u00e1s tarde de 3 d\u00edas para hacerlo o si bien la persona no tiene disponibilidad en 14 d\u00edas para hacerlo, el servicio se considera concluido.<\/p><\/details><details class=\"wp-block-details is-layout-flow wp-block-details-is-layout-flow\"><summary><strong><strong><strong>Soy menor de 18 a\u00f1os, \u00bfpuedo hacer la consulta?<\/strong><\/strong><\/strong><\/summary><p>El servicio es para mayores de 18 a\u00f1os. Se puede en este caso acudir a hacer la consulta con el cuidador responsable.<\/p><\/details><details class=\"wp-block-details is-layout-flow wp-block-details-is-layout-flow\"><summary><strong><strong><strong>\u00bfNecesito saber la hora de mi nacimiento para la consulta?<\/strong><\/strong><\/strong><\/summary><p>S\u00ed. Sin la hora de nacimiento no podr\u00e9 hacerte varias partes esenciales de la lectura de la Carta Natal, Ascendente, Casas, tr\u00e1nsitos por las casas; si tus padres o cuidadores no se acuerdan o no puedes hablar con ellos, no encuentras tu partida de nacimiento u otro documento donde antes tambi\u00e9n se apuntaba la hora (por ejemplo, el libro de vacunaci\u00f3n como fue en mi caso), consulta tu hora de nacimiento en el Registro Civil.<\/p>\n\n<p>Hay t\u00e9cnicas del ajuste de la hora (rectificaci\u00f3n horaria) realizando varias preguntas, sin embargo no las realizo en estos momentos, prefiero trabajar en lo m\u00e1s seguro, as\u00ed que <strong>la hora de nacimiento es necesaria<\/strong> para la consulta conmigo.<\/p><\/details><details class=\"wp-block-details is-layout-flow wp-block-details-is-layout-flow\"><summary><strong><strong><strong>\u00bfQu\u00e9 ocurre si no s\u00e9 la hora muy exacta de mi nacimiento?<\/strong><\/strong><\/strong><\/summary><p>Si hablamos de una exactitud de minutos, no es gran problema (aunque a veces s\u00ed que puede hacer variar la Carta, pero en este caso lo hablar\u00edamos y ajustar\u00edamos en la consulta) ya que excepto los nacidos en los \u00faltimos a\u00f1os, pr\u00e1cticamente nadie tiene su hora exacta de nacimiento.<\/p>\n\n<p>&nbsp;Un margen de una hora por arriba o por abajo es habitual y a trav\u00e9s del ascendente podemos acabar de ajustarla. Si la variaci\u00f3n es mayor te recomiendo que consultes tu hora de nacimiento en el Registro Civil o a no ser posible, hagas una rectificaci\u00f3n horario con un astr\u00f3logo que ofrezca ese servicio.<\/p><\/details><details class=\"wp-block-details is-layout-flow wp-block-details-is-layout-flow\"><summary><strong><strong><strong>\u00bfOfreces un informe escrito de la consulta?<\/strong><\/strong><\/strong><\/summary><p>No. La consulta se graba y al acabar se env\u00eda al cliente. El cliente est\u00e1 libre de decidir hacer sus propios apuntes a su manera personal de los puntos que le importen m\u00e1s, tanto durante la consulta como despu\u00e9s al escucharla de nuevo.<\/p><\/details><details class=\"wp-block-details is-layout-flow wp-block-details-is-layout-flow\"><summary><strong><strong><strong>\u00bfSolo ofreces el formato en tiempo real (sea online o presencial) sin enviar grabaciones como algunos otros astr\u00f3logos?<\/strong><\/strong><\/strong><\/summary><p>S\u00ed, en estos momentos s\u00ed, porque para m\u00ed es la mejor forma no solo de comunicar, sino de trabajar con la astrolog\u00eda a nivel individual. En una consulta interactiva tengo oportunidad de hacerte preguntas que van a atinar mucho la lectura. Como ya has podido deducir de c\u00f3mo trabajo \u2013 la astrolog\u00eda evolutiva y psicol\u00f3gica, al menos la que trabajo yo, no se trata de la predicci\u00f3n de futuro, ni adivinaci\u00f3n de tu pasado para ver si acierto \u2013 se trata de ver que has hecho con tu Carta (tu potencial) y que te est\u00e1 pasando ahora (los tr\u00e1nsitos) compagin\u00e1ndolo con otras cartas;&nbsp;<\/p>\n\n<p>Haciendo la consulta interactiva es como m\u00e1s se puede exprimir la informaci\u00f3n que hay en una carta, m\u00e1s all\u00e1 de que yo me ponga a presuponer (astrolog\u00eda es al fin y al cabo un lenguaje simb\u00f3lico y un s\u00edmbolo aparte de poder interpretarse de varias maneras, en realidad todo el conjunto se despliega seg\u00fan otros puntos de tu carta y lo que t\u00fa haces con ellos \u2013 y este \u00faltimo punto yo no puedo saber sin haberlo hablado contigo). Hay infinitas posibilidades, hablando de t\u00fa a t\u00fa, desechamos posibilidades que no concuerdan con tu vida ni momento actual y nos enfocamos en lo importante y v\u00e1lido para ti.<\/p>\n\n<p>Si te entregara solo un informe escrito o pregrabado en audio\/voz, habr\u00eda mucha m\u00e1s presuposici\u00f3n y perdemos la oportunidad de hacer una lectura e interpretaci\u00f3n que realmente se ajusten a como has vivido t\u00fa tu propia Carta.<\/p><\/details><details class=\"wp-block-details is-layout-flow wp-block-details-is-layout-flow\"><summary><strong><strong><strong>\u00bfHaces consultas presenciales?<\/strong><\/strong><\/strong><\/summary><p>Las mayor\u00eda del volumen de las consultas ser\u00e1 online, dado que eso permite atenderte de cualquier parte del mundo y lugar. Sin embargo, si de tu gusto es hacer una consulta presencial, en este momento te puedo atender en mi despacho y ciudad de mi actual domicilio que es Granollers (Catalu\u00f1a. Espa\u00f1a). Cont\u00e1ctame por e-mail, si tu preferencia es agendar una consulta presencial.<\/p><\/details><details class=\"wp-block-details is-layout-flow wp-block-details-is-layout-flow\"><summary><strong><strong><strong>Me encantar\u00eda hacer la lectura astrol\u00f3gica ahora, siento que lo necesito, pero no me llega ahora el dinero, \u00bfpodr\u00eda ser m\u00e1s econ\u00f3mico por menos tiempo de lectura?<\/strong><\/strong><\/strong><\/summary><p>Los tiempos est\u00e1n estipulados como m\u00ednimos necesarios para un confort de una consulta: poder transmitirte la informaci\u00f3n, escucharte y que haya espacio para dudas y preguntas; Los precios que tengo en cada momento han sido pensados para que haya equilibrio entre lo que tu necesites y entre lo que te doy.<\/p>\n\n<p>Guardan estrecha relaci\u00f3n con:<\/p>\n\n<ul class=\"wp-block-list\"><li>Los a\u00f1os de estudio y a\u00f1os de pr\u00e1ctica diaria (sin d\u00edas de pausa en ello, astrolog\u00eda es un lenguaje din\u00e1mico y solo estando al corriente, es cuando mejor podr\u00e9 atenderte; eso requiere una energ\u00eda y dedicaci\u00f3n diaria).<\/li>\n\n<li>El tiempo dedicado tanto a la preparaci\u00f3n de la consulta como su duraci\u00f3n<\/li>\n\n<li>La rapidez, comparado con otras herramientas, en la que astrolog\u00eda puede llegar a darte la informaci\u00f3n o claves. A veces puedes ahorrarte semanas, meses o a\u00f1os de indagar en un asunto que se har\u00eda de forma \u00b4\u00b4\u00b4tradicional\u00b4\u00b4.<\/li><\/ul><\/details><details class=\"wp-block-details is-layout-flow wp-block-details-is-layout-flow\"><summary><strong><strong><strong>\u00bfUna sola consulta es suficiente o debo realizar m\u00e1s?<\/strong><\/strong><\/strong><\/summary><p>La consulta Astral Completa actual est\u00e1 pensada para bastarte m\u00ednimo un a\u00f1o (ya que contiene tr\u00e1nsitos actuales y a meses por delante, los puntos de la Revoluci\u00f3n Solar en la que est\u00e1s y la que est\u00e1 por venir o bien de la que vienes y en la que est\u00e1s si me consultas despu\u00e9s de tu cumple), la del Momento Actual \u2013 m\u00ednimo 6 meses. La Carta Natal es una consulta que normalmente se hace una sola vez, aunque como es una herramienta que nunca acaba en su profundidad para analizar, las personas a veces repiten cada X a\u00f1os (sea con el mismo o con un astr\u00f3logo diferente).<\/p>\n\n<p>Sin embargo, si el consultante siente y desea profundizar m\u00e1s en algunos aspectos tocados en la primera consulta y no ha pasado mucho tiempo (entre semanas y meses), puede contratar o bien la consulta de seguimiento de media hora o bien, si desea m\u00e1s profundidad, an\u00e1lisis y tiempo porque surgieron muchos eventos nuevos y dudas,&nbsp; puede volver a contratar de nuevo una Consulta Astral Completa o la de Momento Actual, que ser\u00eda la recomendada para no repetir temas.<\/p><\/details><details class=\"wp-block-details is-layout-flow wp-block-details-is-layout-flow\"><summary><strong><strong><strong>\u00bfCu\u00e1ndo NO deber\u00eda acudir a un astr\u00f3logo?\u00a0<\/strong><\/strong><\/strong><\/summary><p><strong>&#8211;<\/strong> Cuando esperas que la persona te diga lo que has de hacer. Las cartas no solucionan la vida ni hacen el trabajo por nosotros, tampoco la voz del astr\u00f3logo; sin acci\u00f3n no ocurre absolutamente nada (o bueno a menudo s\u00ed, pero la no acci\u00f3n necesaria normalmente trae consecuencias no muy positivas);<\/p>\n\n<p>-cuando esperas que el astr\u00f3logo te diga \u00b4\u00b4que (te) va a pasar\u00b4\u00b4; ning\u00fan astr\u00f3logo lo puede saber (para ello hay videntes y otro tipo de profesionales si es lo que quieres escuchar, aunque en mi opini\u00f3n personal, si quieres una mejora real en tu vida, no es el camino).<\/p>\n\n<p>Por desgracia hay una astrolog\u00eda de ese tipo extendida con la que no comulgo porque no nos ayuda a crecer y desarrollar a nuestro potencial, sino o bien nos asusta y condiciona o bien nos hace perezosos para movernos por lo que queremos;<\/p>\n\n<p>En resumen, cuando esperas solo escuchar lo bonito que te pueda pasar sin hacer el trabajo y tomar acci\u00f3n.<\/p><\/details><details class=\"wp-block-details is-layout-flow wp-block-details-is-layout-flow\"><summary><strong><strong><strong>\u00bfQu\u00e9 tipo de consultas NO realizo?<\/strong><\/strong><\/strong><\/summary><p>&#8211; Consultas de salud: diagn\u00f3sticos de salud, fechas de operaciones u otras cuestiones de toma de decisiones en \u00e1mbito de salud f\u00edsica o mental etc. (es cosa de m\u00e9dicos y otros especialistas de salud). Aunque hay rama de Astrolog\u00eda m\u00e9dica que da buenas pautas acerca de cosas relacionadas con la salud, no me especializo en ella y a\u00fan as\u00ed, es un tema que siempre hemos de tratar primero con profesionales pertinentes antes de que con un astr\u00f3logo.<\/p>\n\n<p>&#8211; Astrolog\u00eda horaria &#8211; elecci\u00f3n de fechas concretas para acontecimientos importantes como concepci\u00f3n\/nacimiento de un hijo, una boda etc.; a mi modo de ver y practicar, no es \u00e9tico forzar acontecimientos tan importantes intentado controlar la vida con la Astrolog\u00eda, como controlar cuando nazca un ni\u00f1o (otra vez, es tema de m\u00e9dicos y de lo que al final la vida decida);<\/p>\n\n<p>&nbsp;&#8211; En tema de boda y similares (fechas) \u2013 si tienes una buena y sana relaci\u00f3n \u2013 aunque te cases \u00b4\u00b4en la peor fecha astrol\u00f3gicamente posible\u00b4\u00b4, lo que importa es la relaci\u00f3n y el v\u00ednculo, est\u00e1 sabr\u00e1 atravesar conscientemente cada adversidad y crecer con ella; si no tienes una buena relaci\u00f3n y quieres mejorarla o forzarla eligiendo energ\u00eda astrol\u00f3gica favorable \u2013 no te servir\u00e1 de nada, no se sostendr\u00e1; elijamos usar astrolog\u00eda con conciencia; considero que ese tipo de decisiones tan importantes, igual que con la salud, deber\u00eda tomarse teniendo otros factores en cuenta y sobre todo lo que dice tu situaci\u00f3n actual, circunstancias internas y externas m\u00e1s tu propia voz interior, y no astrolog\u00eda.&nbsp;<\/p>\n\n<p>Por experiencia he visto demasiadas veces cuando ese tipo de consultas con otros astr\u00f3logos han provocado mucha desilusi\u00f3n cuando \u00b4\u00b4las cosas no salieron\u00b4\u00b4 como deb\u00edan seg\u00fan nuestra expectativa y poniendo la responsabilidad en el astr\u00f3logo en vez de nosotros que somos los que tenemos el tim\u00f3n del barco de nuestra propia vida.<\/p>\n\n<p>&#8211; <em>Si est\u00e1s en una relaci\u00f3n de abuso, pasas por un acoso\/mobbing<\/em> en alguna \u00e1rea de tu vida &#8211; no es la tarea de astr\u00f3logo decirte que esa persona es para ti o que has venido a aprender a trav\u00e9s de ella, o ha sido tu karma mate en varias vidas (eso es un baip\u00e1s espiritual) \u2013 por favor, busca una ayuda especializada (psicol\u00f3gica, psicoterapia, terapia, asociaciones pertinentes, polic\u00eda etc.). Obviamente, puedes hacerte una consulta astrol\u00f3gica, pero es importante que no dejes en manos la soluci\u00f3n de este asunto \u00b4\u00b4 a lo que te diga el astr\u00f3logo\u00b4\u00b4 para tomar decisiones importantes de luchar por ti. Siempre &nbsp; ayudar a conocerte mejor e interpretar tus momentos vitales a nivel energ\u00e9tico, pero nunca seguir\u00e9 esa l\u00ednea de New Age tan extendida en estos momentos que justificar\u00e1 que \u00b4\u00b4todo lo que nos pasa, son lecciones y por eso deber\u00edamos quedarnos en lugares donde nos abusan para seguir aprendiendo\u00b4\u00b4. Una cosa que est\u00e9s en tratamiento y no puedas irte a\u00fan y busques m\u00e1s claridad acerca de ti, otra cosa es que esperes que la lectura astrol\u00f3gica o apruebe o le de un significado espiritual. Es algo que se puede reestructurar a posteriori, pero nunca para tomar decisiones.<\/p>\n\n<p>&#8211;<em>Si sospechas que puedas tener una depresi\u00f3n<\/em>\/trastorno de ansiedad u otro, plant\u00e9ate seriamente ver un profesional de la salud mental pues ellos pueden ayudarte en un plano f\u00edsico&nbsp;en el que las cartas no podr\u00e1n. Si ya est\u00e1s en el tratamiento, y lo que buscas es conocerte mejor y entender mejor las cosas que te ocurren, hacer una lectura astrol\u00f3gica no ser\u00e1 conflictivo en este caso, al contario, puedo ayudarte en tener m\u00e1s claridad y tal vez saber por donde empezar a reconducir tu vida (una vez est\u00e9s guiado por un especialista de salud pertinente).<\/p><\/details><details class=\"wp-block-details is-layout-flow wp-block-details-is-layout-flow\"><summary><strong><strong><strong>\u00bfPodemos hablar de la Carta de otra persona aparte de la m\u00eda?<\/strong><\/strong><\/strong><\/summary><p>El tiempo y el enfoque de la consulta est\u00e1 pensado para hacer lectura e interpretaci\u00f3n de una sola carta. Podemos mirar la Carta de otra persona, pero dispersar\u00e1 energ\u00eda y foco, por lo cual, no es lo ideal ni recomendable.<\/p>\n\n<p>No recomiendo analizar y hablar de cartas de otras personas (sobre todo para unas \u00b4\u00b4posibles parejas\u00b4\u00b4 con las que apenas tenemos v\u00ednculo emocional o apenas conocemos a otra persona.<\/p>\n\n<p>Tenemos que recordar que las Cartas nos marcan compatibilidades e incompatibilidades astrol\u00f3gicas, pero eso no significa que haya una compatibilidad psicol\u00f3gica, f\u00edsica y que dos personas se gusten solo porque tengan energ\u00edas astrol\u00f3gicas afines (igual lo opuesto, que no puedan estar juntos por discordancia de energ\u00edas).&nbsp;<\/p>\n\n<p>La astrolog\u00eda popular ha sembrado mucho miedo y expectativa a la vez con el tema de compatibilidades en el terreno de amor y relaciones y es un enfoque poco consciente, inmaduro e irreal. Si tomamos nuestras decisiones en cuanto a una persona solo por su astrolog\u00eda, nos perdemos la experiencia de vida en conocerla de verdad.<\/p>\n\n<p>La vida es mucho m\u00e1s compleja que la Astrolog\u00eda y entran muchos m\u00e1s factores en el juego \ud83d\ude09 Y te lo dice una persona que ama Astrolog\u00eda con locura \ud83d\ude0a Pero justamente pro ello, en mis a\u00f1os de aprendizaje y pr\u00e1ctica personal, pas\u00e9 por sus luces y sombras y sacando las conclusiones en mis resultados en la vida real y de otras personas \u2013 s\u00e9 que hacer ese tipo de consulta, suposiciones y sugerencias para si funcione una posible pareja, casi nunca trae nada bueno.<\/p>\n\n<p>Si te interesa m\u00e1s sobre ese tema, lee m\u00e1s abajo.<\/p><\/details><details class=\"wp-block-details is-layout-flow wp-block-details-is-layout-flow\"><summary><strong><strong><strong>\u00bfHaces sinastr\u00edas en cartas de pareja o cartas compuestas (pareja, negocio etc.)?<\/strong><\/strong><\/strong><\/summary><p>Por el momento no. Me apasionan sobre todo cartas compuestas, pero mi foco y especializaci\u00f3n de momento se est\u00e1 desarrollando m\u00e1s en otras direcciones, pero no descarto hacerlas en el futuro; en la pesta\u00f1a de los siempre puedes encontrar servicios con sus explicaciones que actualmente ofrezco.<\/p><\/details><details class=\"wp-block-details is-layout-flow wp-block-details-is-layout-flow\"><summary><strong><strong><strong>\u00bfHaces cartas de los hijos peque\u00f1os? \u00bfE hijos adultos?<\/strong><\/strong><\/strong><\/summary><p>Por el momento me especializo en consultas de cartas completas de adultos (hijos &#8211; mayores de 18 a\u00f1os). Sin embargo, para las cartas de beb\u00e9s o adolescentes, cons\u00faltame aparte y dime m\u00e1s exactamente tu demanda y te dir\u00e9 en que formato puedo ofrec\u00e9rtela. No es un \u00e1rea en que me haya especializado tanto a\u00fan, y posiblemente si me decido a hacer una consulta de un beb\u00e9 reci\u00e9n nacido a sus padres, ser\u00eda algo m\u00e1s corto en tiempo y econ\u00f3mico en el precio.\u00a0<\/p><\/details>","protected":false},"excerpt":{"rendered":"<p>Preguntas frecuentes<\/p>\n","protected":false},"author":1,"featured_media":0,"parent":0,"menu_order":0,"comment_status":"closed","ping_status":"closed","template":"","meta":{"footnotes":""},"class_list":["post-128","page","type-page","status-publish","hentry"],"_links":{"self":[{"href":"https:\/\/bornonpluto.com\/index.php\/wp-json\/wp\/v2\/pages\/128","targetHints":{"allow":["GET"]}}],"collection":[{"href":"https:\/\/bornonpluto.com\/index.php\/wp-json\/wp\/v2\/pages"}],"about":[{"href":"https:\/\/bornonpluto.com\/index.php\/wp-json\/wp\/v2\/types\/page"}],"author":[{"embeddable":true,"href":"https:\/\/bornonpluto.com\/index.php\/wp-json\/wp\/v2\/users\/1"}],"replies":[{"embeddable":true,"href":"https:\/\/bornonpluto.com\/index.php\/wp-json\/wp\/v2\/comments?post=128"}],"version-history":[{"count":3,"href":"https:\/\/bornonpluto.com\/index.php\/wp-json\/wp\/v2\/pages\/128\/revisions"}],"predecessor-version":[{"id":135,"href":"https:\/\/bornonpluto.com\/index.php\/wp-json\/wp\/v2\/pages\/128\/revisions\/135"}],"wp:attachment":[{"href":"https:\/\/bornonpluto.com\/index.php\/wp-json\/wp\/v2\/media?parent=128"}],"curies":[{"name":"wp","href":"https:\/\/api.w.org\/{rel}","templated":true}]}}